{"id":48,"date":"2018-11-27T13:33:21","date_gmt":"2018-11-27T12:33:21","guid":{"rendered":"https:\/\/www.rechtsanwalt-angel.de\/content\/?page_id=48"},"modified":"2022-08-29T18:12:35","modified_gmt":"2022-08-29T16:12:35","slug":"impressum","status":"publish","type":"page","link":"https:\/\/www.rechtsanwalt-angel.de\/content\/impressum\/","title":{"rendered":"Impressum"},"content":{"rendered":"<p>Verantwortlich f\u00fcr den Inhalt gem\u00e4\u00df \u00a75 Telemediengesetz: Rechtsanwalt Peter Angel<br \/>\nFachanwalt f\u00fcr Familienrecht<br \/>\nAm M\u00fchlgraben 61<br \/>\n63263 Neu-Isenburg<\/p>\n<p>Telefon 06102-8837968<br \/>\nTelefax 06102-77074-0<\/p>\n<p>USt. Id-Nr.\u00a0 51 923 706 587<\/p>\n<p>kanzlei@rechtsanwalt-angel.de<\/p>\n<p>Wenn Sie diesen Internetauftritt besuchen, werden nur statistische Daten \u00fcber Ihren Besuch erhoben. Dies geschieht durch den Provider, \u00fcber den diese Seite gehostet ist. In einer statistischen Zusammenfassung wird erfasst, welcher Browser benutzt wurde, welche Seite oder Datei wann angefordert wurde und von welcher Internetseite man auf diese Seite gelangt ist. Der Bezug zu einem einzelnen Besucher l\u00e4sst sich nicht herstellen, insbesondere wird nicht die IP-Adresse des Besuchers gespeichert.<\/p>\n<p>Bei direkten oder indirekten Verweisen auf fremde Webseiten (&#8222;Hyperlinks&#8220;), die au\u00dferhalb des Verantwortungsbereichs des Autors liegen, w\u00fcrde eine Haftungsverpflichtung ausschlie\u00dflich in dem Fall in Kraft treten, in dem der Autor von den Inhalten Kenntnis hat und es ihm technisch m\u00f6glich und zumutbar w\u00e4re, die Nutzung im Falle rechtswidriger Inhalte zu verhindern.<br \/>\nDer Autor erkl\u00e4rt hiermit ausdr\u00fccklich, dass zum Zeitpunkt der Linksetzung keine illegalen Inhalte auf den zu verlinkenden Seiten erkennbar waren. Auf die aktuelle und zuk\u00fcnftige Gestaltung, die Inhalte oder die Urheberschaft der verlinkten \/ verkn\u00fcpften Seiten hat der Autor keinerlei Einfluss. Deshalb distanziert er sich hiermit ausdr\u00fccklich von allen Inhalten aller verlinkten \/ verkn\u00fcpften Seiten, die nach der Linksetzung ver\u00e4ndert wurden.<\/p>\n<p>Alle auf diesen Seiten ver\u00f6ffentlichten Texte, Fotografien, Filme, Grafiken oder sonstige Inhalte unterliegen dem Urheberrecht und d\u00fcrfen ohne Einwilligung des Autors nicht verwendet werden.<\/p>\n","protected":false},"excerpt":{"rendered":"<p>Verantwortlich f\u00fcr den Inhalt gem\u00e4\u00df \u00a75 Telemediengesetz: Rechtsanwalt Peter Angel Fachanwalt f\u00fcr Familienrecht Am M\u00fchlgraben 61 63263 Neu-Isenburg Telefon 06102-8837968 Telefax 06102-77074-0 USt. Id-Nr.\u00a0 51 923 706 587 kanzlei@rechtsanwalt-angel.de Wenn Sie diesen Internetauftritt besuchen, werden nur statistische Daten \u00fcber Ihren Besuch erhoben. Dies geschieht durch den Provider, \u00fcber den diese &hellip;<\/p>\n","protected":false},"author":1,"featured_media":0,"parent":0,"menu_order":0,"comment_status":"closed","ping_status":"closed","template":"","meta":[],"_links":{"self":[{"href":"https:\/\/www.rechtsanwalt-angel.de\/content\/wp-json\/wp\/v2\/pages\/48"}],"collection":[{"href":"https:\/\/www.rechtsanwalt-angel.de\/content\/wp-json\/wp\/v2\/pages"}],"about":[{"href":"https:\/\/www.rechtsanwalt-angel.de\/content\/wp-json\/wp\/v2\/types\/page"}],"author":[{"embeddable":true,"href":"https:\/\/www.rechtsanwalt-angel.de\/content\/wp-json\/wp\/v2\/users\/1"}],"replies":[{"embeddable":true,"href":"https:\/\/www.rechtsanwalt-angel.de\/content\/wp-json\/wp\/v2\/comments?post=48"}],"version-history":[{"count":5,"href":"https:\/\/www.rechtsanwalt-angel.de\/content\/wp-json\/wp\/v2\/pages\/48\/revisions"}],"predecessor-version":[{"id":219,"href":"https:\/\/www.rechtsanwalt-angel.de\/content\/wp-json\/wp\/v2\/pages\/48\/revisions\/219"}],"wp:attachment":[{"href":"https:\/\/www.rechtsanwalt-angel.de\/content\/wp-json\/wp\/v2\/media?parent=48"}],"curies":[{"name":"wp","href":"https:\/\/api.w.org\/{rel}","templated":true}]}}