{"id":35,"date":"2018-11-27T08:55:46","date_gmt":"2018-11-27T07:55:46","guid":{"rendered":"https:\/\/www.rechtsanwalt-angel.de\/content\/?page_id=35"},"modified":"2020-02-21T19:14:28","modified_gmt":"2020-02-21T18:14:28","slug":"termin","status":"publish","type":"page","link":"https:\/\/www.rechtsanwalt-angel.de\/content\/termin\/","title":{"rendered":"Beratung"},"content":{"rendered":"<p>Wir bieten Ihnen eine <strong>Erstberatung<\/strong>\u00a0 nur in Neu Isenburg zu einem fairen Festpreis.<\/p>\n<p>Als Fachanwalt f\u00fcr Familienrecht ist es mir besonders wichtig, den Mensch in den Mittelpunkt der Rechtsberatung zu stellen und sowohl seinen famili\u00e4ren Hintergrund als auch die finanzielle Situation im Auge zu behalten.<\/p>\n<p>In einem pers\u00f6nlichen Erstgespr\u00e4ch werden nicht nur die rechtlichen Fakten erfasst, sondern ich bespreche mit Ihnen auch, in welche Richtung Sie gehen sollen und was Ihnen wichtig ist.<\/p>\n<p>Auch mit einem Beratungshilfeschein erhalten Sie eine Beratung.<\/p>\n<p><a href=\"https:\/\/www.rechtsanwalt-angel.de\/content\/kontakt\/\">Senden Sie uns hier eine Nachricht, wenn Sie Interesse an einer Beratung haben.<\/a><\/p>\n","protected":false},"excerpt":{"rendered":"<p>Wir bieten Ihnen eine Erstberatung\u00a0 nur in Neu Isenburg zu einem fairen Festpreis. Als Fachanwalt f\u00fcr Familienrecht ist es mir besonders wichtig, den Mensch in den Mittelpunkt der Rechtsberatung zu stellen und sowohl seinen famili\u00e4ren Hintergrund als auch die finanzielle Situation im Auge zu behalten. In einem pers\u00f6nlichen Erstgespr\u00e4ch werden &hellip;<\/p>\n","protected":false},"author":1,"featured_media":0,"parent":0,"menu_order":0,"comment_status":"closed","ping_status":"closed","template":"","meta":[],"_links":{"self":[{"href":"https:\/\/www.rechtsanwalt-angel.de\/content\/wp-json\/wp\/v2\/pages\/35"}],"collection":[{"href":"https:\/\/www.rechtsanwalt-angel.de\/content\/wp-json\/wp\/v2\/pages"}],"about":[{"href":"https:\/\/www.rechtsanwalt-angel.de\/content\/wp-json\/wp\/v2\/types\/page"}],"author":[{"embeddable":true,"href":"https:\/\/www.rechtsanwalt-angel.de\/content\/wp-json\/wp\/v2\/users\/1"}],"replies":[{"embeddable":true,"href":"https:\/\/www.rechtsanwalt-angel.de\/content\/wp-json\/wp\/v2\/comments?post=35"}],"version-history":[{"count":16,"href":"https:\/\/www.rechtsanwalt-angel.de\/content\/wp-json\/wp\/v2\/pages\/35\/revisions"}],"predecessor-version":[{"id":196,"href":"https:\/\/www.rechtsanwalt-angel.de\/content\/wp-json\/wp\/v2\/pages\/35\/revisions\/196"}],"wp:attachment":[{"href":"https:\/\/www.rechtsanwalt-angel.de\/content\/wp-json\/wp\/v2\/media?parent=35"}],"curies":[{"name":"wp","href":"https:\/\/api.w.org\/{rel}","templated":true}]}}