{"id":2,"date":"2018-11-27T08:07:42","date_gmt":"2018-11-27T07:07:42","guid":{"rendered":"https:\/\/www.rechtsanwalt-angel.de\/content\/?page_id=2"},"modified":"2021-09-22T10:48:38","modified_gmt":"2021-09-22T08:48:38","slug":"kanzlei","status":"publish","type":"page","link":"https:\/\/www.rechtsanwalt-angel.de\/content\/kanzlei\/","title":{"rendered":"Kanzlei"},"content":{"rendered":"<p><strong>Peter Angel &#8211; Kanzlei f\u00fcr Familien- und Erbrecht<br \/>\n<\/strong><\/p>\n<p><img decoding=\"async\" loading=\"lazy\" class=\"alignleft wp-image-204 size-medium\" src=\"https:\/\/www.rechtsanwalt-angel.de\/content\/wp-content\/uploads\/2021\/09\/042a077c-214x300.jpg\" alt=\"\" width=\"214\" height=\"300\" srcset=\"https:\/\/www.rechtsanwalt-angel.de\/content\/wp-content\/uploads\/2021\/09\/042a077c-214x300.jpg 214w, https:\/\/www.rechtsanwalt-angel.de\/content\/wp-content\/uploads\/2021\/09\/042a077c-768x1075.jpg 768w, https:\/\/www.rechtsanwalt-angel.de\/content\/wp-content\/uploads\/2021\/09\/042a077c-731x1024.jpg 731w, https:\/\/www.rechtsanwalt-angel.de\/content\/wp-content\/uploads\/2021\/09\/042a077c-143x200.jpg 143w\" sizes=\"(max-width: 214px) 100vw, 214px\" \/>Nach dem Studium der Rechtswissenschaften zun\u00e4chst als Justiziar einer gro\u00dfen Baugesellschaft in M\u00fcnchen t\u00e4tig. Danach folgte eine langj\u00e4hrige T\u00e4tigkeit in der Rechtsabteilung einer deutschen Gro\u00dfbank. Anschlie\u00dfend folgte die Niederlassung als Rechtsanwalt und mittlerweile seit \u00fcber 25 Jahren als Anwalt mit den Schwerpunkten Familienrecht und Erbrecht praktisch aktiv. Im Jahr 1995 Auszeichnung als &#8222;Fachanwalt f\u00fcr Familienrecht&#8220;.<\/p>\n<p><strong>Schwerpunkte<\/strong><\/p>\n<ul>\n<li>Familienrecht &#8211; internationales Familienrecht<\/li>\n<li><span class=\"iconText practiceAreaText\">Erbrecht &#8211; internationales Erbrecht<\/span><\/li>\n<li><span class=\"iconText practiceAreaText\">Immobilien- und Grundbuchrecht<\/span><\/li>\n<li>Unterhalt<\/li>\n<li>Elternunterhalt<\/li>\n<\/ul>\n","protected":false},"excerpt":{"rendered":"<p>Peter Angel &#8211; Kanzlei f\u00fcr Familien- und Erbrecht Nach dem Studium der Rechtswissenschaften zun\u00e4chst als Justiziar einer gro\u00dfen Baugesellschaft in M\u00fcnchen t\u00e4tig. Danach folgte eine langj\u00e4hrige T\u00e4tigkeit in der Rechtsabteilung einer deutschen Gro\u00dfbank. Anschlie\u00dfend folgte die Niederlassung als Rechtsanwalt und mittlerweile seit \u00fcber 25 Jahren als Anwalt mit den Schwerpunkten &hellip;<\/p>\n","protected":false},"author":1,"featured_media":0,"parent":0,"menu_order":0,"comment_status":"closed","ping_status":"open","template":"","meta":[],"_links":{"self":[{"href":"https:\/\/www.rechtsanwalt-angel.de\/content\/wp-json\/wp\/v2\/pages\/2"}],"collection":[{"href":"https:\/\/www.rechtsanwalt-angel.de\/content\/wp-json\/wp\/v2\/pages"}],"about":[{"href":"https:\/\/www.rechtsanwalt-angel.de\/content\/wp-json\/wp\/v2\/types\/page"}],"author":[{"embeddable":true,"href":"https:\/\/www.rechtsanwalt-angel.de\/content\/wp-json\/wp\/v2\/users\/1"}],"replies":[{"embeddable":true,"href":"https:\/\/www.rechtsanwalt-angel.de\/content\/wp-json\/wp\/v2\/comments?post=2"}],"version-history":[{"count":13,"href":"https:\/\/www.rechtsanwalt-angel.de\/content\/wp-json\/wp\/v2\/pages\/2\/revisions"}],"predecessor-version":[{"id":205,"href":"https:\/\/www.rechtsanwalt-angel.de\/content\/wp-json\/wp\/v2\/pages\/2\/revisions\/205"}],"wp:attachment":[{"href":"https:\/\/www.rechtsanwalt-angel.de\/content\/wp-json\/wp\/v2\/media?parent=2"}],"curies":[{"name":"wp","href":"https:\/\/api.w.org\/{rel}","templated":true}]}}