{"id":156,"date":"2019-10-13T10:40:37","date_gmt":"2019-10-13T08:40:37","guid":{"rendered":"https:\/\/www.rechtsanwalt-angel.de\/content\/?page_id=156"},"modified":"2019-10-22T09:59:42","modified_gmt":"2019-10-22T07:59:42","slug":"online-scheidung","status":"publish","type":"page","link":"https:\/\/www.rechtsanwalt-angel.de\/content\/online-scheidung\/","title":{"rendered":"Online Scheidung"},"content":{"rendered":"\r\n\r\n\r\n<p><strong>Online\u2011<\/strong><strong>Scheidungsantrag<\/strong><\/p>\r\n\r\n\r\n\r\n<p>Bitte unbedingt durchlesen: Ihr Online-Scheidungsantrag ist <strong>100% unverbindlich kostenlos <\/strong>f\u00fcr Sie. Mit dem Absenden gehen Sie <strong>kein Risiko und keine Verpflichtung <\/strong>ein. Sie erhalten anschlie\u00dfend Unterlagen per E-Mail und per Post. Unsere Service-Qualit\u00e4t ist seit vielen Jahren in Deutschland <strong>gesch\u00e4tzt <\/strong>und unsere <strong>Kunden sind \u00e4u\u00dferst zufrieden <\/strong>mit uns. Haben Sie keine Angst vor Fehleingaben oder wenn Sie etwas nicht wissen; das ist normal bei einem solchen Formular; lassen Sie das Feld dann bitte einfach leer, schreiben Sie \u201ewei\u00df nicht&#8220; hinein. Wir rufen Sie noch an, <strong>besprechen den weiteren Ablauf und k\u00fcmmern uns um alles! <\/strong><\/p>\r\n<p>Viel Erfolg beim Ausf\u00fcllen!<\/p>\r\n\r\n\r\n\r\n<div class=\"wpforms-container wpforms-container-full\" id=\"wpforms-155\"><form id=\"wpforms-form-155\" class=\"wpforms-validate wpforms-form\" data-formid=\"155\" method=\"post\" enctype=\"multipart\/form-data\" action=\"\/content\/wp-json\/wp\/v2\/pages\/156\"><div class=\"wpforms-field-container\"><div id=\"wpforms-155-field_29-container\" class=\"wpforms-field wpforms-field-radio\" data-field-id=\"29\"><label class=\"wpforms-field-label\" for=\"wpforms-155-field_29\">Antragsteller\/-in <span class=\"wpforms-required-label\">*<\/span><\/label><ul id=\"wpforms-155-field_29\" class=\"wpforms-field-required\"><li class=\"choice-1 depth-1\"><input type=\"radio\" id=\"wpforms-155-field_29_1\" name=\"wpforms[fields][29]\" value=\"Herr\" required ><label class=\"wpforms-field-label-inline\" for=\"wpforms-155-field_29_1\">Herr<\/label><\/li><li class=\"choice-2 depth-1\"><input type=\"radio\" id=\"wpforms-155-field_29_2\" name=\"wpforms[fields][29]\" value=\"Frau\" required ><label class=\"wpforms-field-label-inline\" for=\"wpforms-155-field_29_2\">Frau<\/label><\/li><\/ul><\/div><div id=\"wpforms-155-field_0-container\" class=\"wpforms-field wpforms-field-name\" data-field-id=\"0\"><label class=\"wpforms-field-label\" for=\"wpforms-155-field_0\">Ihr Name <span class=\"wpforms-required-label\">*<\/span><\/label><div class=\"wpforms-field-row wpforms-field-medium\"><div class=\"wpforms-field-row-block wpforms-first wpforms-one-half\"><input type=\"text\" id=\"wpforms-155-field_0\" class=\"wpforms-field-name-first wpforms-field-required\" name=\"wpforms[fields][0][first]\" required><label for=\"wpforms-155-field_0\" class=\"wpforms-field-sublabel after \">Vorname<\/label><\/div><div class=\"wpforms-field-row-block wpforms-one-half\"><input type=\"text\" id=\"wpforms-155-field_0-last\" class=\"wpforms-field-name-last wpforms-field-required\" name=\"wpforms[fields][0][last]\" required><label for=\"wpforms-155-field_0-last\" class=\"wpforms-field-sublabel after \">Nachname<\/label><\/div><\/div><\/div><div id=\"wpforms-155-field_3-container\" class=\"wpforms-field wpforms-field-text\" data-field-id=\"3\"><label class=\"wpforms-field-label\" for=\"wpforms-155-field_3\">Stra\u00dfe, Hausnummer <span class=\"wpforms-required-label\">*<\/span><\/label><input type=\"text\" id=\"wpforms-155-field_3\" class=\"wpforms-field-medium wpforms-field-required\" name=\"wpforms[fields][3]\" required><\/div><div id=\"wpforms-155-field_4-container\" class=\"wpforms-field wpforms-field-text\" data-field-id=\"4\"><label class=\"wpforms-field-label\" for=\"wpforms-155-field_4\">PLZ, Wohnort <span class=\"wpforms-required-label\">*<\/span><\/label><input type=\"text\" id=\"wpforms-155-field_4\" class=\"wpforms-field-medium wpforms-field-required\" name=\"wpforms[fields][4]\" required><\/div><div id=\"wpforms-155-field_7-container\" class=\"wpforms-field wpforms-field-text\" data-field-id=\"7\"><label class=\"wpforms-field-label\" for=\"wpforms-155-field_7\">Telefonnr. <span class=\"wpforms-required-label\">*<\/span><\/label><input type=\"text\" id=\"wpforms-155-field_7\" class=\"wpforms-field-medium wpforms-field-required\" name=\"wpforms[fields][7]\" required><\/div><div id=\"wpforms-155-field_6-container\" class=\"wpforms-field wpforms-field-text\" data-field-id=\"6\"><label class=\"wpforms-field-label\" for=\"wpforms-155-field_6\">E-Mail-Adresse <span class=\"wpforms-required-label\">*<\/span><\/label><input type=\"text\" id=\"wpforms-155-field_6\" class=\"wpforms-field-medium wpforms-field-required\" name=\"wpforms[fields][6]\" required><\/div><div id=\"wpforms-155-field_5-container\" class=\"wpforms-field wpforms-field-text\" data-field-id=\"5\"><label class=\"wpforms-field-label\" for=\"wpforms-155-field_5\">Staatsangeh\u00f6rigkeit <span class=\"wpforms-required-label\">*<\/span><\/label><input type=\"text\" id=\"wpforms-155-field_5\" class=\"wpforms-field-medium wpforms-field-required\" name=\"wpforms[fields][5]\" required><\/div><div id=\"wpforms-155-field_8-container\" class=\"wpforms-field wpforms-field-text\" data-field-id=\"8\"><label class=\"wpforms-field-label\" for=\"wpforms-155-field_8\">Monatliches Nettoeinkommen in EUR <span class=\"wpforms-required-label\">*<\/span><\/label><input type=\"text\" id=\"wpforms-155-field_8\" class=\"wpforms-field-medium wpforms-field-required\" name=\"wpforms[fields][8]\" required><div class=\"wpforms-field-description\">Eine ungef\u00e4hre Angabe reicht aus.<\/div><\/div><div id=\"wpforms-155-field_9-container\" class=\"wpforms-field wpforms-field-text\" data-field-id=\"9\"><label class=\"wpforms-field-label\" for=\"wpforms-155-field_9\">Monatlich abzutragende Kreditraten in EUR <span class=\"wpforms-required-label\">*<\/span><\/label><input type=\"text\" id=\"wpforms-155-field_9\" class=\"wpforms-field-medium wpforms-field-required\" name=\"wpforms[fields][9]\" required><div class=\"wpforms-field-description\">Kreditraten z.B. f\u00fcr KFZ, Reisen, Hausrat, usw\u2026 Immobilienkredite k\u00f6nnen gegebenenfalls ber\u00fccksichtigt werden.<\/div><\/div><div id=\"wpforms-155-field_11-container\" class=\"wpforms-field wpforms-field-name\" data-field-id=\"11\"><label class=\"wpforms-field-label\" for=\"wpforms-155-field_11\">Ehepartner <span class=\"wpforms-required-label\">*<\/span><\/label><div class=\"wpforms-field-row wpforms-field-medium\"><div class=\"wpforms-field-row-block wpforms-first wpforms-one-half\"><input type=\"text\" id=\"wpforms-155-field_11\" class=\"wpforms-field-name-first wpforms-field-required\" name=\"wpforms[fields][11][first]\" required><label for=\"wpforms-155-field_11\" class=\"wpforms-field-sublabel after \">Vorname<\/label><\/div><div class=\"wpforms-field-row-block wpforms-one-half\"><input type=\"text\" id=\"wpforms-155-field_11-last\" class=\"wpforms-field-name-last wpforms-field-required\" name=\"wpforms[fields][11][last]\" required><label for=\"wpforms-155-field_11-last\" class=\"wpforms-field-sublabel after \">Nachname<\/label><\/div><\/div><\/div><div id=\"wpforms-155-field_12-container\" class=\"wpforms-field wpforms-field-text\" data-field-id=\"12\"><label class=\"wpforms-field-label\" for=\"wpforms-155-field_12\">Stra\u00dfe, Hausnummer <span class=\"wpforms-required-label\">*<\/span><\/label><input type=\"text\" id=\"wpforms-155-field_12\" class=\"wpforms-field-medium wpforms-field-required\" name=\"wpforms[fields][12]\" required><\/div><div id=\"wpforms-155-field_13-container\" class=\"wpforms-field wpforms-field-text\" data-field-id=\"13\"><label class=\"wpforms-field-label\" for=\"wpforms-155-field_13\">PLZ, Wohnort <span class=\"wpforms-required-label\">*<\/span><\/label><input type=\"text\" id=\"wpforms-155-field_13\" class=\"wpforms-field-medium wpforms-field-required\" name=\"wpforms[fields][13]\" required><\/div><div id=\"wpforms-155-field_14-container\" class=\"wpforms-field wpforms-field-text\" data-field-id=\"14\"><label class=\"wpforms-field-label\" for=\"wpforms-155-field_14\">Staatsangeh\u00f6rigkeit <span class=\"wpforms-required-label\">*<\/span><\/label><input type=\"text\" id=\"wpforms-155-field_14\" class=\"wpforms-field-medium wpforms-field-required\" name=\"wpforms[fields][14]\" required><\/div><div id=\"wpforms-155-field_15-container\" class=\"wpforms-field wpforms-field-radio\" data-field-id=\"15\"><label class=\"wpforms-field-label\" for=\"wpforms-155-field_15\">Ist Ihnen das Einkommen des Ehepartners bekannt? <span class=\"wpforms-required-label\">*<\/span><\/label><ul id=\"wpforms-155-field_15\" class=\"wpforms-field-required\"><li class=\"choice-1 depth-1\"><input type=\"radio\" id=\"wpforms-155-field_15_1\" name=\"wpforms[fields][15]\" value=\"ja, wie hoch?\" required ><label class=\"wpforms-field-label-inline\" for=\"wpforms-155-field_15_1\">ja, wie hoch?<\/label><\/li><li class=\"choice-3 depth-1\"><input type=\"radio\" id=\"wpforms-155-field_15_3\" name=\"wpforms[fields][15]\" required ><label class=\"wpforms-field-label-inline\" for=\"wpforms-155-field_15_3\"><\/label><\/li><li class=\"choice-2 depth-1\"><input type=\"radio\" id=\"wpforms-155-field_15_2\" name=\"wpforms[fields][15]\" value=\"nein\" required ><label class=\"wpforms-field-label-inline\" for=\"wpforms-155-field_15_2\">nein<\/label><\/li><\/ul><div class=\"wpforms-field-description\">Nettogehalt<\/div><\/div><div id=\"wpforms-155-field_16-container\" class=\"wpforms-field wpforms-field-text\" data-field-id=\"16\"><label class=\"wpforms-field-label\" for=\"wpforms-155-field_16\">Heiratsinformationen (Heiratsdatum) <span class=\"wpforms-required-label\">*<\/span><\/label><input type=\"text\" id=\"wpforms-155-field_16\" class=\"wpforms-field-medium wpforms-field-required\" name=\"wpforms[fields][16]\" required><\/div><div id=\"wpforms-155-field_17-container\" class=\"wpforms-field wpforms-field-text\" data-field-id=\"17\"><label class=\"wpforms-field-label\" for=\"wpforms-155-field_17\">Letzte gemeinsame Wohnanschrift <span class=\"wpforms-required-label\">*<\/span><\/label><input type=\"text\" id=\"wpforms-155-field_17\" class=\"wpforms-field-medium wpforms-field-required\" name=\"wpforms[fields][17]\" required><\/div><div id=\"wpforms-155-field_18-container\" class=\"wpforms-field wpforms-field-radio\" data-field-id=\"18\"><label class=\"wpforms-field-label\" for=\"wpforms-155-field_18\">Ist Ihre Adresse die letzte gemeinsame Anschrift (falls vorhanden)? <span class=\"wpforms-required-label\">*<\/span><\/label><ul id=\"wpforms-155-field_18\" class=\"wpforms-field-required\"><li class=\"choice-1 depth-1\"><input type=\"radio\" id=\"wpforms-155-field_18_1\" name=\"wpforms[fields][18]\" value=\"ja\" required ><label class=\"wpforms-field-label-inline\" for=\"wpforms-155-field_18_1\">ja<\/label><\/li><li class=\"choice-2 depth-1\"><input type=\"radio\" id=\"wpforms-155-field_18_2\" name=\"wpforms[fields][18]\" value=\"nein\" required ><label class=\"wpforms-field-label-inline\" for=\"wpforms-155-field_18_2\">nein<\/label><\/li><\/ul><\/div><div id=\"wpforms-155-field_19-container\" class=\"wpforms-field wpforms-field-text\" data-field-id=\"19\"><label class=\"wpforms-field-label\" for=\"wpforms-155-field_19\">Angaben zur Scheidung \/ Trennungsdatum <span class=\"wpforms-required-label\">*<\/span><\/label><input type=\"text\" id=\"wpforms-155-field_19\" class=\"wpforms-field-medium wpforms-field-required\" name=\"wpforms[fields][19]\" required><\/div><div id=\"wpforms-155-field_20-container\" class=\"wpforms-field wpforms-field-text\" data-field-id=\"20\"><label class=\"wpforms-field-label\" for=\"wpforms-155-field_20\">Wer ist aus der Wohnung ausgezogen? <span class=\"wpforms-required-label\">*<\/span><\/label><input type=\"text\" id=\"wpforms-155-field_20\" class=\"wpforms-field-medium wpforms-field-required\" name=\"wpforms[fields][20]\" required><\/div><div id=\"wpforms-155-field_22-container\" class=\"wpforms-field wpforms-field-radio\" data-field-id=\"22\"><label class=\"wpforms-field-label\" for=\"wpforms-155-field_22\">Stimmt der Ehepartner der Scheidung zu? <span class=\"wpforms-required-label\">*<\/span><\/label><ul id=\"wpforms-155-field_22\" class=\"wpforms-field-required\"><li class=\"choice-1 depth-1\"><input type=\"radio\" id=\"wpforms-155-field_22_1\" name=\"wpforms[fields][22]\" value=\"ja\" required ><label class=\"wpforms-field-label-inline\" for=\"wpforms-155-field_22_1\">ja<\/label><\/li><li class=\"choice-2 depth-1\"><input type=\"radio\" id=\"wpforms-155-field_22_2\" name=\"wpforms[fields][22]\" value=\"nein\" required ><label class=\"wpforms-field-label-inline\" for=\"wpforms-155-field_22_2\">nein<\/label><\/li><li class=\"choice-3 depth-1\"><input type=\"radio\" id=\"wpforms-155-field_22_3\" name=\"wpforms[fields][22]\" value=\"wei\u00df nicht\" required ><label class=\"wpforms-field-label-inline\" for=\"wpforms-155-field_22_3\">wei\u00df nicht<\/label><\/li><\/ul><\/div><div id=\"wpforms-155-field_23-container\" class=\"wpforms-field wpforms-field-radio\" data-field-id=\"23\"><label class=\"wpforms-field-label\" for=\"wpforms-155-field_23\">Gibt es gemeinsame Kinder unter 18 Jahren? <span class=\"wpforms-required-label\">*<\/span><\/label><ul id=\"wpforms-155-field_23\" class=\"wpforms-field-required\"><li class=\"choice-1 depth-1\"><input type=\"radio\" id=\"wpforms-155-field_23_1\" name=\"wpforms[fields][23]\" value=\"ja\" required ><label class=\"wpforms-field-label-inline\" for=\"wpforms-155-field_23_1\">ja<\/label><\/li><li class=\"choice-2 depth-1\"><input type=\"radio\" id=\"wpforms-155-field_23_2\" name=\"wpforms[fields][23]\" value=\"nein\" required ><label class=\"wpforms-field-label-inline\" for=\"wpforms-155-field_23_2\">nein<\/label><\/li><\/ul><\/div><div id=\"wpforms-155-field_24-container\" class=\"wpforms-field wpforms-field-radio\" data-field-id=\"24\"><label class=\"wpforms-field-label\" for=\"wpforms-155-field_24\">M\u00f6chten Sie einen Antrag auf Verfahrenskostenhilfe stellen? <span class=\"wpforms-required-label\">*<\/span><\/label><ul id=\"wpforms-155-field_24\" class=\"wpforms-field-required\"><li class=\"choice-1 depth-1\"><input type=\"radio\" id=\"wpforms-155-field_24_1\" name=\"wpforms[fields][24]\" value=\"ja\" required ><label class=\"wpforms-field-label-inline\" for=\"wpforms-155-field_24_1\">ja<\/label><\/li><li class=\"choice-2 depth-1\"><input type=\"radio\" id=\"wpforms-155-field_24_2\" name=\"wpforms[fields][24]\" value=\"nein\" required ><label class=\"wpforms-field-label-inline\" for=\"wpforms-155-field_24_2\">nein<\/label><\/li><\/ul><\/div><div id=\"wpforms-155-field_26-container\" class=\"wpforms-field wpforms-field-textarea\" data-field-id=\"26\"><label class=\"wpforms-field-label\" for=\"wpforms-155-field_26\">Haben Sie noch Fragen oder d\u00fcrfen wir Ihnen sonst noch behilflich sein?<\/label><textarea id=\"wpforms-155-field_26\" class=\"wpforms-field-medium\" name=\"wpforms[fields][26]\" ><\/textarea><div class=\"wpforms-field-description\">AGB und Datenschutz<br>        \r\n\r\nWir sch\u00fctzen seit Anfang an Ihre Privatsph\u00e4re und Daten. Der Scheidungsantrag ist unverbindlich f\u00fcr Sie und unser Service ist wirklich 100% kostenfrei; Sie erhalten selbstverst\u00e4ndlich keine Rechnung.\r\n\r\nJa, ich habe die allgemeinen Nutzungsbedingungen gelesen, verstanden und stimme diesen\r\nzu. Die angegebenen Daten d\u00fcrfen f\u00fcr mein pers\u00f6nliches Anliegen verwendet und \u00fcbermittelt werden; dies geschieht auf Grundlage der Sie sch\u00fctzenden Datenschutzbestimmungen.   \t \r\nDer Scheidungsantrag ist unverbindlich und kostenlos! Das Formular wird in Kopie auch an die von Ihnen angegebene E-Mail Adresse gesandt. Wir rufen Sie noch an, besprechen den weiteren Ablauf und k\u00fcmmern uns wirklich um alles! \t \r\n\r\nWenn Sie noch Fragen zum Ausf\u00fcllen des Formulars haben, helfen wir Ihnen gerne:\r\n<\/div><\/div><\/div><div class=\"wpforms-field wpforms-field-hp\"><label for=\"wpforms-155-field-hp\" class=\"wpforms-field-label\">Phone<\/label><input type=\"text\" name=\"wpforms[hp]\" id=\"wpforms-155-field-hp\" class=\"wpforms-field-medium\"><\/div><div class=\"wpforms-submit-container\" ><input type=\"hidden\" name=\"wpforms[id]\" value=\"155\"><input type=\"hidden\" name=\"wpforms[author]\" value=\"1\"><button type=\"submit\" name=\"wpforms[submit]\" class=\"wpforms-submit \" id=\"wpforms-submit-155\" value=\"wpforms-submit\" aria-live=\"assertive\" data-alt-text=\"Senden...\" data-submit-text=\"Absenden\">Absenden<\/button><\/div><\/form><\/div>  <!-- .wpforms-container -->\r\n","protected":false},"excerpt":{"rendered":"<p>Online\u2011Scheidungsantrag Bitte unbedingt durchlesen: Ihr Online-Scheidungsantrag ist 100% unverbindlich kostenlos f\u00fcr Sie. Mit dem Absenden gehen Sie kein Risiko und keine Verpflichtung ein. Sie erhalten anschlie\u00dfend Unterlagen per E-Mail und per Post. Unsere Service-Qualit\u00e4t ist seit vielen Jahren in Deutschland gesch\u00e4tzt und unsere Kunden sind \u00e4u\u00dferst zufrieden mit uns. Haben &hellip;<\/p>\n","protected":false},"author":1,"featured_media":0,"parent":0,"menu_order":0,"comment_status":"closed","ping_status":"closed","template":"","meta":[],"_links":{"self":[{"href":"https:\/\/www.rechtsanwalt-angel.de\/content\/wp-json\/wp\/v2\/pages\/156"}],"collection":[{"href":"https:\/\/www.rechtsanwalt-angel.de\/content\/wp-json\/wp\/v2\/pages"}],"about":[{"href":"https:\/\/www.rechtsanwalt-angel.de\/content\/wp-json\/wp\/v2\/types\/page"}],"author":[{"embeddable":true,"href":"https:\/\/www.rechtsanwalt-angel.de\/content\/wp-json\/wp\/v2\/users\/1"}],"replies":[{"embeddable":true,"href":"https:\/\/www.rechtsanwalt-angel.de\/content\/wp-json\/wp\/v2\/comments?post=156"}],"version-history":[{"count":6,"href":"https:\/\/www.rechtsanwalt-angel.de\/content\/wp-json\/wp\/v2\/pages\/156\/revisions"}],"predecessor-version":[{"id":191,"href":"https:\/\/www.rechtsanwalt-angel.de\/content\/wp-json\/wp\/v2\/pages\/156\/revisions\/191"}],"wp:attachment":[{"href":"https:\/\/www.rechtsanwalt-angel.de\/content\/wp-json\/wp\/v2\/media?parent=156"}],"curies":[{"name":"wp","href":"https:\/\/api.w.org\/{rel}","templated":true}]}}